{"id":1,"date":"2016-06-07T17:39:54","date_gmt":"2016-06-07T17:39:54","guid":{"rendered":"http:\/\/7geisslein.com\/?page_id=1"},"modified":"2016-06-07T17:39:54","modified_gmt":"2016-06-07T17:39:54","slug":"eine-seite","status":"publish","type":"page","link":"https:\/\/7geisslein.com\/?page_id=1","title":{"rendered":"\u00dcber diese Website"},"content":{"rendered":"<p>Dies ist ein Beispiel einer Seite. Anders als Beitr\u00e4ge, die auf der Startseite deines Blog in der Reihenfolge ihrer Ver\u00f6ffentlichung angezeigt werden, sind Seiten besser f\u00fcr zeitlose Inhalte geeignet, die du wie deine \u00dcber- oder Kontaktinformationen einfach verf\u00fcgbar machen m\u00f6chtest. Klicke auf den Bearbeiten-Link, um \u00c4nderungen an dieser Seite auszuf\u00fchren oder <a title=\"Direktlink zu 'Neue Seite hinzuf\u00fcgen' in deinem Dashboard\" href=\"https:\/\/wordpress.com\/page\/112603877\/new\/\">f\u00fcge eine weitere Seite hinzu<\/a>.<\/p>\n<div class=\"sharedaddy sd-sharing-enabled\"><div class=\"robots-nocontent sd-block sd-social sd-social-official sd-sharing\"><h3 class=\"sd-title\">Teilen mit:<\/h3><div class=\"sd-content\"><ul><li class=\"share-twitter\"><a href=\"https:\/\/twitter.com\/share\" class=\"twitter-share-button\" data-url=\"https:\/\/7geisslein.com\/?page_id=1\" data-text=\"\u00dcber diese Website\"  >Tweet<\/a><\/li><li class=\"share-facebook\"><div class=\"fb-share-button\" data-href=\"https:\/\/7geisslein.com\/?page_id=1\" data-layout=\"button_count\"><\/div><\/li><li class=\"share-jetpack-whatsapp\"><a rel=\"nofollow noopener noreferrer\" data-shared=\"\" class=\"share-jetpack-whatsapp sd-button\" href=\"https:\/\/7geisslein.com\/?page_id=1&amp;share=jetpack-whatsapp\" target=\"_blank\" title=\"Klicken, um auf WhatsApp zu teilen\" ><span>WhatsApp<\/span><\/a><\/li><li><a href=\"#\" class=\"sharing-anchor sd-button share-more\"><span>Mehr<\/span><\/a><\/li><li class=\"share-end\"><\/li><\/ul><div class=\"sharing-hidden\"><div class=\"inner\" style=\"display: none;width:150px;\"><ul style=\"background-image:none;\"><li class=\"share-pinterest\"><div class=\"pinterest_button\"><a href=\"https:\/\/www.pinterest.com\/pin\/create\/button\/?url=https%3A%2F%2F7geisslein.com%2F%3Fpage_id%3D1&#038;media=https%3A%2F%2Fsecure.gravatar.com%2Favatar%2Fcea458b6d06f6b5ce260fa183dff8dd2%3Fs%3D96%26d%3Didenticon%26r%3Dg&#038;description=%C3%9Cber%20diese%20Website\" data-pin-do=\"buttonPin\" data-pin-config=\"beside\"><img src=\"\/\/assets.pinterest.com\/images\/pidgets\/pinit_fg_en_rect_gray_20.png\" \/><\/a><\/div><\/li><li class=\"share-end\"><\/li><\/ul><\/div><\/div><\/div><\/div><\/div>","protected":false},"excerpt":{"rendered":"<p>Dies ist ein Beispiel einer Seite. Anders als Beitr\u00e4ge, die auf der Startseite deines Blog in der Reihenfolge ihrer Ver\u00f6ffentlichung angezeigt werden, sind Seiten besser f\u00fcr zeitlose Inhalte geeignet, die du wie deine \u00dcber- oder Kontaktinformationen einfach verf\u00fcgbar machen m\u00f6chtest. Klicke auf den Bearbeiten-Link, um \u00c4nderungen an dieser Seite auszuf\u00fchren oder f\u00fcge eine weitere Seite &hellip;<\/p>\n<p class=\"read-more\"> <a class=\"\" href=\"https:\/\/7geisslein.com\/?page_id=1\"> <span class=\"screen-reader-text\">\u00dcber diese Website<\/span> Weiterlesen \u00bb<\/a><\/p>\n<div class=\"sharedaddy sd-sharing-enabled\"><div class=\"robots-nocontent sd-block sd-social sd-social-official sd-sharing\"><h3 class=\"sd-title\">Teilen mit:<\/h3><div class=\"sd-content\"><ul><li class=\"share-twitter\"><a href=\"https:\/\/twitter.com\/share\" class=\"twitter-share-button\" data-url=\"https:\/\/7geisslein.com\/?page_id=1\" data-text=\"\u00dcber diese Website\"  >Tweet<\/a><\/li><li class=\"share-facebook\"><div class=\"fb-share-button\" data-href=\"https:\/\/7geisslein.com\/?page_id=1\" data-layout=\"button_count\"><\/div><\/li><li class=\"share-jetpack-whatsapp\"><a rel=\"nofollow noopener noreferrer\" data-shared=\"\" class=\"share-jetpack-whatsapp sd-button\" href=\"https:\/\/7geisslein.com\/?page_id=1&amp;share=jetpack-whatsapp\" target=\"_blank\" title=\"Klicken, um auf WhatsApp zu teilen\" ><span>WhatsApp<\/span><\/a><\/li><li><a href=\"#\" class=\"sharing-anchor sd-button share-more\"><span>Mehr<\/span><\/a><\/li><li class=\"share-end\"><\/li><\/ul><div class=\"sharing-hidden\"><div class=\"inner\" style=\"display: none;width:150px;\"><ul style=\"background-image:none;\"><li class=\"share-pinterest\"><div class=\"pinterest_button\"><a href=\"https:\/\/www.pinterest.com\/pin\/create\/button\/?url=https%3A%2F%2F7geisslein.com%2F%3Fpage_id%3D1&#038;media=https%3A%2F%2Fsecure.gravatar.com%2Favatar%2Fcea458b6d06f6b5ce260fa183dff8dd2%3Fs%3D96%26d%3Didenticon%26r%3Dg&#038;description=%C3%9Cber%20diese%20Website\" data-pin-do=\"buttonPin\" data-pin-config=\"beside\"><img src=\"\/\/assets.pinterest.com\/images\/pidgets\/pinit_fg_en_rect_gray_20.png\" \/><\/a><\/div><\/li><li class=\"share-end\"><\/li><\/ul><\/div><\/div><\/div><\/div><\/div>","protected":false},"author":106301022,"featured_media":0,"parent":0,"menu_order":0,"comment_status":"open","ping_status":"open","template":"","meta":{"advanced_seo_description":"","site-sidebar-layout":"default","site-content-layout":"default","ast-global-header-display":"","ast-main-header-display":"","ast-hfb-above-header-display":"","ast-hfb-below-header-display":"","ast-hfb-mobile-header-display":"","site-post-title":"","ast-breadcrumbs-content":"","ast-featured-img":"","footer-sml-layout":"","theme-transparent-header-meta":"","adv-header-id-meta":"","stick-header-meta":"","header-above-stick-meta":"","header-main-stick-meta":"","header-below-stick-meta":"","_starter_page_template":""},"jetpack_likes_enabled":true,"jetpack_sharing_enabled":true,"jetpack_shortlink":"https:\/\/wp.me\/Pe8oxX-1","_links":{"self":[{"href":"https:\/\/7geisslein.com\/index.php?rest_route=\/wp\/v2\/pages\/1"}],"collection":[{"href":"https:\/\/7geisslein.com\/index.php?rest_route=\/wp\/v2\/pages"}],"about":[{"href":"https:\/\/7geisslein.com\/index.php?rest_route=\/wp\/v2\/types\/page"}],"author":[{"embeddable":true,"href":"https:\/\/7geisslein.com\/index.php?rest_route=\/wp\/v2\/users\/106301022"}],"replies":[{"embeddable":true,"href":"https:\/\/7geisslein.com\/index.php?rest_route=%2Fwp%2Fv2%2Fcomments&post=1"}],"version-history":[{"count":0,"href":"https:\/\/7geisslein.com\/index.php?rest_route=\/wp\/v2\/pages\/1\/revisions"}],"wp:attachment":[{"href":"https:\/\/7geisslein.com\/index.php?rest_route=%2Fwp%2Fv2%2Fmedia&parent=1"}],"curies":[{"name":"wp","href":"https:\/\/api.w.org\/{rel}","templated":true}]}}