{"id":1302,"date":"2017-01-15T12:57:21","date_gmt":"2017-01-15T10:57:21","guid":{"rendered":"http:\/\/7geisslein.com\/?page_id=1302"},"modified":"2017-01-15T12:57:21","modified_gmt":"2017-01-15T10:57:21","slug":"lesenswert","status":"publish","type":"page","link":"https:\/\/7geisslein.com\/?page_id=1302","title":{"rendered":"lesenswert"},"content":{"rendered":"<ul>\n<li><a href=\"http:\/\/mamaabba.wordpress.com\">mamaabba.wordpress.com<\/a>\u00a0ist eine liebevolle Seite f\u00fcr Mamas, die mal auftanken m\u00fcssen. Oder einen Essensplan brauchen, der praxiserprobt ist.<\/li>\n<li><a href=\"http:\/\/smoorbaer.wordpress.com\">smoorbaer.wordpress.com<\/a>\u00a0enth\u00e4lt merkw\u00fcrdigerweise immer wieder Gedanken, die ich mir selber gerade mache. In wunderbaren Worten und in wundersch\u00f6nen Bildern<\/li>\n<li><a href=\"http:\/\/kirschkernzeit.wordpress.ch\">kirschkernzeit.wordpress.ch<\/a>\u00a0tr\u00f6stet mich immer ungemein. Eine F\u00fcnfachmama mit einem Sinn f\u00fcr das Besondere im Allt\u00e4glichen und einem Strickkorb, der einen tr\u00e4umen l\u00e4sst.<\/li>\n<li>\u00a0<a href=\"http:\/\/jesusnat\u00fcrlich.wordpress.com\">jesusnat\u00fcrlich.wordpress.com<\/a>\u00a0erz\u00e4hlt vom Familienalltag, in dem Jesus immer mit dabei ist.<\/li>\n<li><a href=\"http:\/\/leckerleckerliese.com\">leckerleckerliese.com<\/a>\u00a0h\u00e4lt tats\u00e4chlich leckere Rezepte parat. Hat bis jetzt immer geklappt, wenn es bei mir auch nie so h\u00fcbsch aussieht&#8230;<\/li>\n<\/ul>\n<div class=\"sharedaddy sd-sharing-enabled\"><div class=\"robots-nocontent sd-block sd-social sd-social-official sd-sharing\"><h3 class=\"sd-title\">Teilen mit:<\/h3><div class=\"sd-content\"><ul><li class=\"share-twitter\"><a href=\"https:\/\/twitter.com\/share\" class=\"twitter-share-button\" data-url=\"https:\/\/7geisslein.com\/?page_id=1302\" data-text=\"lesenswert\"  >Tweet<\/a><\/li><li class=\"share-facebook\"><div class=\"fb-share-button\" data-href=\"https:\/\/7geisslein.com\/?page_id=1302\" data-layout=\"button_count\"><\/div><\/li><li class=\"share-jetpack-whatsapp\"><a rel=\"nofollow noopener noreferrer\" data-shared=\"\" class=\"share-jetpack-whatsapp sd-button\" href=\"https:\/\/7geisslein.com\/?page_id=1302&amp;share=jetpack-whatsapp\" target=\"_blank\" title=\"Klicken, um auf WhatsApp zu teilen\" ><span>WhatsApp<\/span><\/a><\/li><li><a href=\"#\" class=\"sharing-anchor sd-button share-more\"><span>Mehr<\/span><\/a><\/li><li class=\"share-end\"><\/li><\/ul><div class=\"sharing-hidden\"><div class=\"inner\" style=\"display: none;width:150px;\"><ul style=\"background-image:none;\"><li class=\"share-pinterest\"><div class=\"pinterest_button\"><a href=\"https:\/\/www.pinterest.com\/pin\/create\/button\/?url=https%3A%2F%2F7geisslein.com%2F%3Fpage_id%3D1302&#038;media=https%3A%2F%2Fsecure.gravatar.com%2Favatar%2Fcea458b6d06f6b5ce260fa183dff8dd2%3Fs%3D96%26d%3Didenticon%26r%3Dg&#038;description=lesenswert\" data-pin-do=\"buttonPin\" data-pin-config=\"beside\"><img src=\"\/\/assets.pinterest.com\/images\/pidgets\/pinit_fg_en_rect_gray_20.png\" \/><\/a><\/div><\/li><li class=\"share-end\"><\/li><\/ul><\/div><\/div><\/div><\/div><\/div>","protected":false},"excerpt":{"rendered":"<p>mamaabba.wordpress.com\u00a0ist eine liebevolle Seite f\u00fcr Mamas, die mal auftanken m\u00fcssen. Oder einen Essensplan brauchen, der praxiserprobt ist. smoorbaer.wordpress.com\u00a0enth\u00e4lt merkw\u00fcrdigerweise immer wieder Gedanken, die ich mir selber gerade mache. In wunderbaren Worten und in wundersch\u00f6nen Bildern kirschkernzeit.wordpress.ch\u00a0tr\u00f6stet mich immer ungemein. Eine F\u00fcnfachmama mit einem Sinn f\u00fcr das Besondere im Allt\u00e4glichen und einem Strickkorb, der einen tr\u00e4umen &hellip;<\/p>\n<p class=\"read-more\"> <a class=\"\" href=\"https:\/\/7geisslein.com\/?page_id=1302\"> <span class=\"screen-reader-text\">lesenswert<\/span> Weiterlesen \u00bb<\/a><\/p>\n<div class=\"sharedaddy sd-sharing-enabled\"><div class=\"robots-nocontent sd-block sd-social sd-social-official sd-sharing\"><h3 class=\"sd-title\">Teilen mit:<\/h3><div class=\"sd-content\"><ul><li class=\"share-twitter\"><a href=\"https:\/\/twitter.com\/share\" class=\"twitter-share-button\" data-url=\"https:\/\/7geisslein.com\/?page_id=1302\" data-text=\"lesenswert\"  >Tweet<\/a><\/li><li class=\"share-facebook\"><div class=\"fb-share-button\" data-href=\"https:\/\/7geisslein.com\/?page_id=1302\" data-layout=\"button_count\"><\/div><\/li><li class=\"share-jetpack-whatsapp\"><a rel=\"nofollow noopener noreferrer\" data-shared=\"\" class=\"share-jetpack-whatsapp sd-button\" href=\"https:\/\/7geisslein.com\/?page_id=1302&amp;share=jetpack-whatsapp\" target=\"_blank\" title=\"Klicken, um auf WhatsApp zu teilen\" ><span>WhatsApp<\/span><\/a><\/li><li><a href=\"#\" class=\"sharing-anchor sd-button share-more\"><span>Mehr<\/span><\/a><\/li><li class=\"share-end\"><\/li><\/ul><div class=\"sharing-hidden\"><div class=\"inner\" style=\"display: none;width:150px;\"><ul style=\"background-image:none;\"><li class=\"share-pinterest\"><div class=\"pinterest_button\"><a href=\"https:\/\/www.pinterest.com\/pin\/create\/button\/?url=https%3A%2F%2F7geisslein.com%2F%3Fpage_id%3D1302&#038;media=https%3A%2F%2Fsecure.gravatar.com%2Favatar%2Fcea458b6d06f6b5ce260fa183dff8dd2%3Fs%3D96%26d%3Didenticon%26r%3Dg&#038;description=lesenswert\" data-pin-do=\"buttonPin\" data-pin-config=\"beside\"><img src=\"\/\/assets.pinterest.com\/images\/pidgets\/pinit_fg_en_rect_gray_20.png\" \/><\/a><\/div><\/li><li class=\"share-end\"><\/li><\/ul><\/div><\/div><\/div><\/div><\/div>","protected":false},"author":106301022,"featured_media":0,"parent":0,"menu_order":0,"comment_status":"closed","ping_status":"closed","template":"","meta":{"advanced_seo_description":"","site-sidebar-layout":"default","site-content-layout":"default","ast-global-header-display":"","ast-main-header-display":"","ast-hfb-above-header-display":"","ast-hfb-below-header-display":"","ast-hfb-mobile-header-display":"","site-post-title":"","ast-breadcrumbs-content":"","ast-featured-img":"","footer-sml-layout":"","theme-transparent-header-meta":"","adv-header-id-meta":"","stick-header-meta":"","header-above-stick-meta":"","header-main-stick-meta":"","header-below-stick-meta":"","_starter_page_template":""},"jetpack_likes_enabled":true,"jetpack_sharing_enabled":true,"jetpack_shortlink":"https:\/\/wp.me\/Pe8oxX-l0","_links":{"self":[{"href":"https:\/\/7geisslein.com\/index.php?rest_route=\/wp\/v2\/pages\/1302"}],"collection":[{"href":"https:\/\/7geisslein.com\/index.php?rest_route=\/wp\/v2\/pages"}],"about":[{"href":"https:\/\/7geisslein.com\/index.php?rest_route=\/wp\/v2\/types\/page"}],"author":[{"embeddable":true,"href":"https:\/\/7geisslein.com\/index.php?rest_route=\/wp\/v2\/users\/106301022"}],"replies":[{"embeddable":true,"href":"https:\/\/7geisslein.com\/index.php?rest_route=%2Fwp%2Fv2%2Fcomments&post=1302"}],"version-history":[{"count":17,"href":"https:\/\/7geisslein.com\/index.php?rest_route=\/wp\/v2\/pages\/1302\/revisions"}],"predecessor-version":[{"id":1319,"href":"https:\/\/7geisslein.com\/index.php?rest_route=\/wp\/v2\/pages\/1302\/revisions\/1319"}],"wp:attachment":[{"href":"https:\/\/7geisslein.com\/index.php?rest_route=%2Fwp%2Fv2%2Fmedia&parent=1302"}],"curies":[{"name":"wp","href":"https:\/\/api.w.org\/{rel}","templated":true}]}}