{"id":16,"date":"2016-06-09T20:45:53","date_gmt":"2016-06-09T18:45:53","guid":{"rendered":"http:\/\/7geisslein.com\/?page_id=16"},"modified":"2016-06-13T10:31:32","modified_gmt":"2016-06-13T08:31:32","slug":"wer-ich-bin-und-was-ich-mag","status":"publish","type":"page","link":"https:\/\/7geisslein.com\/?page_id=16","title":{"rendered":"Wer ich  bin und was ich mag"},"content":{"rendered":"<p><img data-attachment-id=\"7\" data-permalink=\"https:\/\/7geisslein.com\/?attachment_id=7\" data-orig-file=\"https:\/\/7geisslein.com\/wp-content\/uploads\/2016\/06\/image3.jpg\" data-orig-size=\"2448,3264\" data-comments-opened=\"1\" data-image-meta=\"{&quot;aperture&quot;:&quot;0&quot;,&quot;credit&quot;:&quot;&quot;,&quot;camera&quot;:&quot;&quot;,&quot;caption&quot;:&quot;&quot;,&quot;created_timestamp&quot;:&quot;0&quot;,&quot;copyright&quot;:&quot;&quot;,&quot;focal_length&quot;:&quot;0&quot;,&quot;iso&quot;:&quot;0&quot;,&quot;shutter_speed&quot;:&quot;0&quot;,&quot;title&quot;:&quot;&quot;,&quot;orientation&quot;:&quot;1&quot;}\" data-image-title=\"image\" data-image-description=\"\" data-image-caption=\"\" data-medium-file=\"https:\/\/7geisslein.com\/wp-content\/uploads\/2016\/06\/image3.jpg\" data-large-file=\"https:\/\/7geisslein.com\/wp-content\/uploads\/2016\/06\/image3.jpg\" loading=\"lazy\" class=\" size-full wp-image-7 aligncenter\" src=\"http:\/\/7geisslein.com\/wp-content\/uploads\/2016\/06\/image3.jpg\" alt=\"image\" width=\"2448\" height=\"3264\" \/><\/p>\n<p>Ich bin<\/p>\n<ul>\n<li>fast vierzig. Aber nur fast. Noch habe ich sechs Wochen Zeit, um mich an den Gedanken zu gew\u00f6hnen.<\/li>\n<li>Mama von drei Jungs und zwei M\u00e4dchen. Dieser Umstand erm\u00f6glicht mir Einblicke in eine ganz erstaunliche Bandbreite menschlicher Verhaltensweisen. Keines ist wie das andere, keines brachte eine Gebrauchsanweisung mit. Meine Kinder sind der lebendige Beweis daf\u00fcr, dass jedes Gesch\u00f6pf absolut einzigartig ist.<\/li>\n<li>Ehefrau. Ich bin sehr gerne Ehefrau und in dieser Hinsicht auch sehr katholisch. Das erfordert viel Arbeit und \u00f6fter mal eine gro\u00dfe Portion Demut. Ich habe Gl\u00fcck, dass ich nicht nur meinen Mann, sondern damit auch meinen besten Freund, zuverl\u00e4ssigen Gef\u00e4hrten und leidenschaftlichen Papa an meiner Seite habe. Das erleichtert die Sache ungemein. Und Arbeit und Demut sind auch von ihm gefordert. Ich kann schwierig sein. Und ich wei\u00df das.<\/li>\n<li>Im christlichen Glauben zu Hause und katholisch. Auch das bin ich gerne. Sogar so gerne, dass ich ein ganzes Theologiestudium absolviert und auch mit Diplom abgeschlossen habe. Um einen ordentlichen Beruf zu haben, habe ich noch die vierj\u00e4hrige Ausbildung zur Pastoralreferentin drangeh\u00e4ngt. Trotzdem zweifle und verzweifle ich oft an meinem Glauben, an meiner Kirche und den Menschen. Der christliche Glaube ist es aber auch, der uns immer wieder tr\u00e4gt und h\u00e4lt, das Fundament unserer Familie. Sie ist der Ort, wo,wir diesen Glauben zur Zeit vor allem leben.<\/li>\n<li>ein Landei. Jetzt nicht aus der allertiefsten Provinz, aber ein Landei. Die gro\u00dfe Stadt ist so gar nicht f\u00fcr mich gemacht. Ich habe es lieber etwas \u00fcberschaubarer. Aufgewachsen bin ich in der S\u00fcdpfalz, der Toskana Deutschlands. Nun Leben wir in Rheinhessen, gar nicht weit von Mainz. Die Weinberge und den Rhein vor der Haust\u00fcre, sind ein gepflegter Stadtbummel und ein guter Kaffee nur zwanzig Autominuten entfernt. Mehr City brauche ich aber wirklich nicht.<\/li>\n<\/ul>\n<p>&nbsp;<\/p>\n<p>Ich mag<\/p>\n<ul>\n<li>meie Familie. Schon immer, schon seit ich klar denken kann hatte ich den gro\u00dfen Wunsch, die tiefe Sehnsucht nach einer eigenen, gro\u00dfen Familie. Au\u00dfer einem kurzen Intermezzo zwischen f\u00fcnfzehn und siebzehn, als ich ernsthaft dar\u00fcber nachdachte Nonne zu werden. Ich habe diese Idee aber schnell wieder verworfen. Mein Lebenswunsch ist in Erf\u00fcllung gegangen und selbst im Auge des Sturmes und des gr\u00f6\u00dften Alltagschaos versp\u00fcre ich eine gro\u00dfe Dankbarkeit daf\u00fcr, dass ich dieses Leben leben darf<\/li>\n<li>B\u00fccher. Sie sind eine gro\u00dfe, lebenslange Leidenschaft. Leider komme ich zur Zeit einfach zuwenig zum lesen. Also lese ich vor. Mein bevorzugtes Genre der Romane wurde durch Kinderbuchliteratur abgel\u00f6st. Und ich liebe gute Kinder und Bilderb\u00fccher. Ein Buch, bei dem alle Kinder auf dem Sofa kuscheln und unabh\u00e4ngig von Alter und Geschlecht gebannt zu h\u00f6ren, ist ein gutes Buch.<\/li>\n<li>Geschirr von Greengate und Kleidung von Boden. Leider nur im ma\u00dfvollem Konsum bei uns m\u00f6glich. Deshalb freue ich mich \u00fcber jedes einzelne St\u00fcck umso mehr<\/li>\n<li>Rosen. Keine Baccararosen in der Vase. Aber Buschr\u00f6schen und Kletterrosen, alles was drau\u00dfen bl\u00fcht und wuchert erfreut mein Herz<\/li>\n<li>mein Garten. Klein aber wild<\/li>\n<li>spazierengehen. Meine Art der Meditation. Schritt f\u00fcr Schritt. Einatmen, ausatmen. So komme ich runter, wenn das Chaos alles zu \u00fcberschwemmen droht. Auch Probleml\u00f6sungssuche funktioniert dabei ganz wunderbar.<\/li>\n<li>Weinberge. Wo Weinberge sind, bin ich zu Hause. Die Fr\u00fcchte dieser Heimat genie\u00dfe ich gerne aus Flaschen<\/li>\n<li>selbermachen. Ich liebe es Dinge selberzumachen. Wir backen unser Brot ( nun gut, aus der Not heraus. Sieben Menschen esses Unmengen an Brot und Zuckerknautschbrot vom Kettenb\u00e4cker macht einfach nicht satt) Ich stricke, bastle und n\u00e4he, wann immer es m\u00f6glich ist. Nicht immer mit guten Resultaten. Letzte Woche habe ich meinen ersten Kinderrock gen\u00e4ht. Er w\u00fcrde jeder ambitionierten Hobbyschneiderin die Schamesr\u00f6te ins Gesicht treiben. Aber meine Tochter hat sich gefreut und ich war stolz. Wir machen Dinge selbst, schaffen etwas mit unseren H\u00e4nden, probieren aus. Nicht immer sind die Ergebnisse vorzeigbar, aber es macht Spass und irgendetwas brauchbares kommt meistens<img data-attachment-id=\"15\" data-permalink=\"https:\/\/7geisslein.com\/?attachment_id=15\" data-orig-file=\"https:\/\/7geisslein.com\/wp-content\/uploads\/2016\/06\/image4.jpg\" data-orig-size=\"2448,3264\" data-comments-opened=\"1\" data-image-meta=\"{&quot;aperture&quot;:&quot;0&quot;,&quot;credit&quot;:&quot;&quot;,&quot;camera&quot;:&quot;&quot;,&quot;caption&quot;:&quot;&quot;,&quot;created_timestamp&quot;:&quot;0&quot;,&quot;copyright&quot;:&quot;&quot;,&quot;focal_length&quot;:&quot;0&quot;,&quot;iso&quot;:&quot;0&quot;,&quot;shutter_speed&quot;:&quot;0&quot;,&quot;title&quot;:&quot;&quot;,&quot;orientation&quot;:&quot;1&quot;}\" data-image-title=\"image\" data-image-description=\"\" data-image-caption=\"\" data-medium-file=\"https:\/\/7geisslein.com\/wp-content\/uploads\/2016\/06\/image4.jpg\" data-large-file=\"https:\/\/7geisslein.com\/wp-content\/uploads\/2016\/06\/image4.jpg\" loading=\"lazy\" class=\"alignnone size-full wp-image-15\" src=\"http:\/\/7geisslein.com\/wp-content\/uploads\/2016\/06\/image4.jpg\" alt=\"image\" width=\"2448\" height=\"3264\" \/> dabei raus<\/li>\n<\/ul>\n<p>&nbsp;<\/p>\n<p>&nbsp;<\/p>\n<div class=\"sharedaddy sd-sharing-enabled\"><div class=\"robots-nocontent sd-block sd-social sd-social-official sd-sharing\"><h3 class=\"sd-title\">Teilen mit:<\/h3><div class=\"sd-content\"><ul><li class=\"share-twitter\"><a href=\"https:\/\/twitter.com\/share\" class=\"twitter-share-button\" data-url=\"https:\/\/7geisslein.com\/?page_id=16\" data-text=\"Wer ich  bin und was ich mag\"  >Tweet<\/a><\/li><li class=\"share-facebook\"><div class=\"fb-share-button\" data-href=\"https:\/\/7geisslein.com\/?page_id=16\" data-layout=\"button_count\"><\/div><\/li><li class=\"share-jetpack-whatsapp\"><a rel=\"nofollow noopener noreferrer\" data-shared=\"\" class=\"share-jetpack-whatsapp sd-button\" href=\"https:\/\/7geisslein.com\/?page_id=16&amp;share=jetpack-whatsapp\" target=\"_blank\" title=\"Klicken, um auf WhatsApp zu teilen\" ><span>WhatsApp<\/span><\/a><\/li><li><a href=\"#\" class=\"sharing-anchor sd-button share-more\"><span>Mehr<\/span><\/a><\/li><li class=\"share-end\"><\/li><\/ul><div class=\"sharing-hidden\"><div class=\"inner\" style=\"display: none;width:150px;\"><ul style=\"background-image:none;\"><li class=\"share-pinterest\"><div class=\"pinterest_button\"><a href=\"https:\/\/www.pinterest.com\/pin\/create\/button\/?url=https%3A%2F%2F7geisslein.com%2F%3Fpage_id%3D16&#038;media=http%3A%2F%2F7geisslein.com%2Fwp-content%2Fuploads%2F2016%2F06%2Fimage3.jpg&#038;description=Wer%20ich%20%20bin%20und%20was%20ich%20mag\" data-pin-do=\"buttonPin\" data-pin-config=\"beside\"><img src=\"\/\/assets.pinterest.com\/images\/pidgets\/pinit_fg_en_rect_gray_20.png\" \/><\/a><\/div><\/li><li class=\"share-end\"><\/li><\/ul><\/div><\/div><\/div><\/div><\/div>","protected":false},"excerpt":{"rendered":"<p>Ich bin fast vierzig. Aber nur fast. Noch habe ich sechs Wochen Zeit, um mich an den Gedanken zu gew\u00f6hnen. Mama von drei Jungs und zwei M\u00e4dchen. Dieser Umstand erm\u00f6glicht mir Einblicke in eine ganz erstaunliche Bandbreite menschlicher Verhaltensweisen. Keines ist wie das andere, keines brachte eine Gebrauchsanweisung mit. Meine Kinder sind der lebendige Beweis &hellip;<\/p>\n<p class=\"read-more\"> <a class=\"\" href=\"https:\/\/7geisslein.com\/?page_id=16\"> <span class=\"screen-reader-text\">Wer ich  bin und was ich mag<\/span> Weiterlesen \u00bb<\/a><\/p>\n<div class=\"sharedaddy sd-sharing-enabled\"><div class=\"robots-nocontent sd-block sd-social sd-social-official sd-sharing\"><h3 class=\"sd-title\">Teilen mit:<\/h3><div class=\"sd-content\"><ul><li class=\"share-twitter\"><a href=\"https:\/\/twitter.com\/share\" class=\"twitter-share-button\" data-url=\"https:\/\/7geisslein.com\/?page_id=16\" data-text=\"Wer ich  bin und was ich mag\"  >Tweet<\/a><\/li><li class=\"share-facebook\"><div class=\"fb-share-button\" data-href=\"https:\/\/7geisslein.com\/?page_id=16\" data-layout=\"button_count\"><\/div><\/li><li class=\"share-jetpack-whatsapp\"><a rel=\"nofollow noopener noreferrer\" data-shared=\"\" class=\"share-jetpack-whatsapp sd-button\" href=\"https:\/\/7geisslein.com\/?page_id=16&amp;share=jetpack-whatsapp\" target=\"_blank\" title=\"Klicken, um auf WhatsApp zu teilen\" ><span>WhatsApp<\/span><\/a><\/li><li><a href=\"#\" class=\"sharing-anchor sd-button share-more\"><span>Mehr<\/span><\/a><\/li><li class=\"share-end\"><\/li><\/ul><div class=\"sharing-hidden\"><div class=\"inner\" style=\"display: none;width:150px;\"><ul style=\"background-image:none;\"><li class=\"share-pinterest\"><div class=\"pinterest_button\"><a href=\"https:\/\/www.pinterest.com\/pin\/create\/button\/?url=https%3A%2F%2F7geisslein.com%2F%3Fpage_id%3D16&#038;media=http%3A%2F%2F7geisslein.com%2Fwp-content%2Fuploads%2F2016%2F06%2Fimage3.jpg&#038;description=Wer%20ich%20%20bin%20und%20was%20ich%20mag\" data-pin-do=\"buttonPin\" data-pin-config=\"beside\"><img src=\"\/\/assets.pinterest.com\/images\/pidgets\/pinit_fg_en_rect_gray_20.png\" \/><\/a><\/div><\/li><li class=\"share-end\"><\/li><\/ul><\/div><\/div><\/div><\/div><\/div>","protected":false},"author":106301022,"featured_media":0,"parent":0,"menu_order":0,"comment_status":"closed","ping_status":"closed","template":"","meta":{"advanced_seo_description":"","site-sidebar-layout":"default","site-content-layout":"default","ast-global-header-display":"","ast-main-header-display":"","ast-hfb-above-header-display":"","ast-hfb-below-header-display":"","ast-hfb-mobile-header-display":"","site-post-title":"","ast-breadcrumbs-content":"","ast-featured-img":"","footer-sml-layout":"","theme-transparent-header-meta":"","adv-header-id-meta":"","stick-header-meta":"","header-above-stick-meta":"","header-main-stick-meta":"","header-below-stick-meta":"","_starter_page_template":""},"jetpack_likes_enabled":true,"jetpack_sharing_enabled":true,"jetpack_shortlink":"https:\/\/wp.me\/Pe8oxX-g","_links":{"self":[{"href":"https:\/\/7geisslein.com\/index.php?rest_route=\/wp\/v2\/pages\/16"}],"collection":[{"href":"https:\/\/7geisslein.com\/index.php?rest_route=\/wp\/v2\/pages"}],"about":[{"href":"https:\/\/7geisslein.com\/index.php?rest_route=\/wp\/v2\/types\/page"}],"author":[{"embeddable":true,"href":"https:\/\/7geisslein.com\/index.php?rest_route=\/wp\/v2\/users\/106301022"}],"replies":[{"embeddable":true,"href":"https:\/\/7geisslein.com\/index.php?rest_route=%2Fwp%2Fv2%2Fcomments&post=16"}],"version-history":[{"count":25,"href":"https:\/\/7geisslein.com\/index.php?rest_route=\/wp\/v2\/pages\/16\/revisions"}],"predecessor-version":[{"id":64,"href":"https:\/\/7geisslein.com\/index.php?rest_route=\/wp\/v2\/pages\/16\/revisions\/64"}],"wp:attachment":[{"href":"https:\/\/7geisslein.com\/index.php?rest_route=%2Fwp%2Fv2%2Fmedia&parent=16"}],"curies":[{"name":"wp","href":"https:\/\/api.w.org\/{rel}","templated":true}]}}